{"id":13,"date":"2020-09-10T15:31:53","date_gmt":"2020-09-10T15:31:53","guid":{"rendered":"http:\/\/dehvidestudenterbiler.dk\/?page_id=13"},"modified":"2022-06-29T20:57:43","modified_gmt":"2022-06-29T20:57:43","slug":"baggrund","status":"publish","type":"page","link":"https:\/\/dehvidestudenterbiler.dk\/?page_id=13","title":{"rendered":"Sikkerhed"},"content":{"rendered":"\n<p>Som tidligere brandmand med mange \u00e5rs erfaring &#8211; herunder i f\u00f8rstehj\u00e6lp &#8211; kan jeg garantere at sikkerheden er totalt i top. Blandt andet er der ekstra afsk\u00e6rmningsr\u00f8r i siderne og p\u00e5 bagenden. Trappen er fastmonteret, stabil og har gel\u00e6nder, som chauff\u00f8ren vipper ud inden nedgang. <\/p>\n\n\n\n<p>Vores biler er altid nysynede og forsikrede, som loven foreskriver &#8211; og de er naturligvis godkendt til studenterk\u00f8rsel. Chauff\u00f8rerne har de rigtige uddannelser og er vant til at k\u00f8re studenterk\u00f8rsel. <\/p>\n\n\n\n<p>Vi har selvf\u00f8lgelig brandslukkere og forbindingskasser mv. ombord i bilerne<\/p>\n\n\n\n<p><\/p>\n\n\n\n<figure class=\"wp-block-image size-large\"><img loading=\"lazy\" width=\"768\" height=\"1024\" src=\"https:\/\/dehvidestudenterbiler.dk\/wp-content\/uploads\/2022\/06\/IMG_5696-768x1024.jpg\" alt=\"\" class=\"wp-image-166\" srcset=\"https:\/\/dehvidestudenterbiler.dk\/wp-content\/uploads\/2022\/06\/IMG_5696-768x1024.jpg 768w, https:\/\/dehvidestudenterbiler.dk\/wp-content\/uploads\/2022\/06\/IMG_5696-225x300.jpg 225w, https:\/\/dehvidestudenterbiler.dk\/wp-content\/uploads\/2022\/06\/IMG_5696-1152x1536.jpg 1152w, https:\/\/dehvidestudenterbiler.dk\/wp-content\/uploads\/2022\/06\/IMG_5696-1536x2048.jpg 1536w, https:\/\/dehvidestudenterbiler.dk\/wp-content\/uploads\/2022\/06\/IMG_5696-scaled.jpg 1920w\" sizes=\"(max-width: 767px) 89vw, (max-width: 1000px) 54vw, (max-width: 1071px) 543px, 580px\" \/><figcaption>Sikker ind- og udstigning<\/figcaption><\/figure>\n\n\n\n<figure class=\"wp-block-image size-large\"><img loading=\"lazy\" width=\"923\" height=\"692\" src=\"https:\/\/dehvidestudenterbiler.dk\/wp-content\/uploads\/2022\/02\/Bilen-bagfra-med-pressening-og-trappen-nede-1.jpg\" alt=\"\" class=\"wp-image-140\" srcset=\"https:\/\/dehvidestudenterbiler.dk\/wp-content\/uploads\/2022\/02\/Bilen-bagfra-med-pressening-og-trappen-nede-1.jpg 923w, https:\/\/dehvidestudenterbiler.dk\/wp-content\/uploads\/2022\/02\/Bilen-bagfra-med-pressening-og-trappen-nede-1-300x225.jpg 300w, https:\/\/dehvidestudenterbiler.dk\/wp-content\/uploads\/2022\/02\/Bilen-bagfra-med-pressening-og-trappen-nede-1-768x576.jpg 768w\" sizes=\"(max-width: 767px) 89vw, (max-width: 1000px) 54vw, (max-width: 1071px) 543px, 580px\" \/><\/figure>\n","protected":false},"excerpt":{"rendered":"<p>Som tidligere brandmand med mange \u00e5rs erfaring &#8211; herunder i f\u00f8rstehj\u00e6lp &#8211; kan jeg garantere at sikkerheden er totalt i top. Blandt andet er der ekstra afsk\u00e6rmningsr\u00f8r i siderne og p\u00e5 bagenden. Trappen er fastmonteret, stabil og har gel\u00e6nder, som chauff\u00f8ren vipper ud inden nedgang. Vores biler er altid nysynede og forsikrede, som loven foreskriver &hellip; <\/p>\n<p class=\"link-more\"><a href=\"https:\/\/dehvidestudenterbiler.dk\/?page_id=13\" class=\"more-link\">L\u00e6s videre<span class=\"screen-reader-text\"> &#8220;Sikkerhed&#8221;<\/span><\/a><\/p>\n","protected":false},"author":1,"featured_media":0,"parent":0,"menu_order":0,"comment_status":"closed","ping_status":"closed","template":"","meta":[],"_links":{"self":[{"href":"https:\/\/dehvidestudenterbiler.dk\/index.php?rest_route=\/wp\/v2\/pages\/13"}],"collection":[{"href":"https:\/\/dehvidestudenterbiler.dk\/index.php?rest_route=\/wp\/v2\/pages"}],"about":[{"href":"https:\/\/dehvidestudenterbiler.dk\/index.php?rest_route=\/wp\/v2\/types\/page"}],"author":[{"embeddable":true,"href":"https:\/\/dehvidestudenterbiler.dk\/index.php?rest_route=\/wp\/v2\/users\/1"}],"replies":[{"embeddable":true,"href":"https:\/\/dehvidestudenterbiler.dk\/index.php?rest_route=%2Fwp%2Fv2%2Fcomments&post=13"}],"version-history":[{"count":11,"href":"https:\/\/dehvidestudenterbiler.dk\/index.php?rest_route=\/wp\/v2\/pages\/13\/revisions"}],"predecessor-version":[{"id":217,"href":"https:\/\/dehvidestudenterbiler.dk\/index.php?rest_route=\/wp\/v2\/pages\/13\/revisions\/217"}],"wp:attachment":[{"href":"https:\/\/dehvidestudenterbiler.dk\/index.php?rest_route=%2Fwp%2Fv2%2Fmedia&parent=13"}],"curies":[{"name":"wp","href":"https:\/\/api.w.org\/{rel}","templated":true}]}}