{"id":5,"date":"2020-09-08T19:50:25","date_gmt":"2020-09-08T19:50:25","guid":{"rendered":"http:\/\/dehvidestudenterbiler.dk\/?page_id=5"},"modified":"2026-04-17T08:49:15","modified_gmt":"2026-04-17T08:49:15","slug":"de-hvide-studenterbiler","status":"publish","type":"page","link":"https:\/\/dehvidestudenterbiler.dk\/","title":{"rendered":"Forside"},"content":{"rendered":"\n<p>Vi har lavet Danmarks fedeste studenterbiler !! <\/p>\n\n\n\n<figure class=\"wp-block-image size-large\"><img loading=\"lazy\" width=\"768\" height=\"1024\" src=\"https:\/\/dehvidestudenterbiler.dk\/wp-content\/uploads\/2022\/06\/IMG_5689-768x1024.jpg\" alt=\"\" class=\"wp-image-168\" srcset=\"https:\/\/dehvidestudenterbiler.dk\/wp-content\/uploads\/2022\/06\/IMG_5689-768x1024.jpg 768w, https:\/\/dehvidestudenterbiler.dk\/wp-content\/uploads\/2022\/06\/IMG_5689-225x300.jpg 225w, https:\/\/dehvidestudenterbiler.dk\/wp-content\/uploads\/2022\/06\/IMG_5689-1152x1536.jpg 1152w, https:\/\/dehvidestudenterbiler.dk\/wp-content\/uploads\/2022\/06\/IMG_5689-1536x2048.jpg 1536w, https:\/\/dehvidestudenterbiler.dk\/wp-content\/uploads\/2022\/06\/IMG_5689-scaled.jpg 1920w\" sizes=\"(max-width: 767px) 89vw, (max-width: 1000px) 54vw, (max-width: 1071px) 543px, 580px\" \/><figcaption>Denne bil er en Scania 85 Turbo fra 1973<\/figcaption><\/figure>\n\n\n\n<p>Bilerne er blevet bygget op \u2013 og finpudset \u2013 helt fra bunden og har alt i udstyr, bl.a. fad\u00f8lsanl\u00e6g, fede JBL-h\u00f8jttalere 2x1500w, diskolys, dansegulv, stripperstang, k\u00f8lige opbevaringsrum til drikkevarer og ekstra t\u00f8j &#8211; og en masse andet sejt udstyr.  Der er plads til 38 glade studenter i vores biler. Vi har valgt, at vores biler skal v\u00e6re hvide og sorte, da det jo netop er basisfarverne p\u00e5 de fleste studenterhuer \u2013 og s\u00e5 kan I pynte den i lige de farver, I synes er rigtige \ud83d\ude42<\/p>\n\n\n\n<p>Som tidligere brandmand med mange \u00e5rs erfaring \u2013 herunder i f\u00f8rstehj\u00e6lp \u2013 kan jeg garantere, at sikkerheden er totalt i top. Vi har ekstra afsk\u00e6rmingsr\u00f8r i siderne og i bagenden, og trappen er skridsikker, stabil og har gel\u00e6nder. Trappen kan ikke \u00e5bnes indefra. Vi har selvf\u00f8lgelig brandslukkere og forbindingskasser mv. ombord i bilerne.<\/p>\n\n\n\n<p>Vores biler er altid nysynede og forsikrede, som loven foreskriver \u2013 og de er naturligvis godkendt til studenterk\u00f8rsel. Chauff\u00f8rerne har de rigtige uddannelser og er vant til at k\u00f8re studenterk\u00f8rsel.<\/p>\n\n\n\n<p>Vores biler er lige en tand federe end alle de andre !!!<\/p>\n\n\n\n<p><\/p>\n\n\n\n<figure class=\"wp-block-image size-large\"><img loading=\"lazy\" width=\"768\" height=\"1024\" src=\"https:\/\/dehvidestudenterbiler.dk\/wp-content\/uploads\/2022\/06\/IMG_5705-768x1024.jpg\" alt=\"\" class=\"wp-image-173\" srcset=\"https:\/\/dehvidestudenterbiler.dk\/wp-content\/uploads\/2022\/06\/IMG_5705-768x1024.jpg 768w, https:\/\/dehvidestudenterbiler.dk\/wp-content\/uploads\/2022\/06\/IMG_5705-225x300.jpg 225w, https:\/\/dehvidestudenterbiler.dk\/wp-content\/uploads\/2022\/06\/IMG_5705-1152x1536.jpg 1152w, https:\/\/dehvidestudenterbiler.dk\/wp-content\/uploads\/2022\/06\/IMG_5705-1536x2048.jpg 1536w, https:\/\/dehvidestudenterbiler.dk\/wp-content\/uploads\/2022\/06\/IMG_5705-scaled.jpg 1920w\" sizes=\"(max-width: 767px) 89vw, (max-width: 1000px) 54vw, (max-width: 1071px) 543px, 580px\" \/><\/figure>\n\n\n\n<script type=\"text\/javascript\">\nvar _iub = _iub || [];\n_iub.csConfiguration = {\"siteId\":4368374,\"cookiePolicyId\":85046904,\"lang\":\"da\",\"storage\":{\"useSiteId\":true}};\n<\/script>\n<script type=\"text\/javascript\" src=\"https:\/\/cs.iubenda.com\/autoblocking\/4368374.js\"><\/script>\n<script type=\"text\/javascript\" src=\"\/\/cdn.iubenda.com\/cs\/gpp\/stub.js\"><\/script>\n<script type=\"text\/javascript\" src=\"\/\/cdn.iubenda.com\/cs\/iubenda_cs.js\" charset=\"UTF-8\" async><\/script>\n","protected":false},"excerpt":{"rendered":"<p>Vi har lavet Danmarks fedeste studenterbiler !! Bilerne er blevet bygget op \u2013 og finpudset \u2013 helt fra bunden og har alt i udstyr, bl.a. fad\u00f8lsanl\u00e6g, fede JBL-h\u00f8jttalere 2x1500w, diskolys, dansegulv, stripperstang, k\u00f8lige opbevaringsrum til drikkevarer og ekstra t\u00f8j &#8211; og en masse andet sejt udstyr. Der er plads til 38 glade studenter i vores &hellip; <\/p>\n<p class=\"link-more\"><a href=\"https:\/\/dehvidestudenterbiler.dk\/\" class=\"more-link\">L\u00e6s videre<span class=\"screen-reader-text\"> &#8220;Forside&#8221;<\/span><\/a><\/p>\n","protected":false},"author":1,"featured_media":0,"parent":0,"menu_order":0,"comment_status":"closed","ping_status":"closed","template":"","meta":[],"_links":{"self":[{"href":"https:\/\/dehvidestudenterbiler.dk\/index.php?rest_route=\/wp\/v2\/pages\/5"}],"collection":[{"href":"https:\/\/dehvidestudenterbiler.dk\/index.php?rest_route=\/wp\/v2\/pages"}],"about":[{"href":"https:\/\/dehvidestudenterbiler.dk\/index.php?rest_route=\/wp\/v2\/types\/page"}],"author":[{"embeddable":true,"href":"https:\/\/dehvidestudenterbiler.dk\/index.php?rest_route=\/wp\/v2\/users\/1"}],"replies":[{"embeddable":true,"href":"https:\/\/dehvidestudenterbiler.dk\/index.php?rest_route=%2Fwp%2Fv2%2Fcomments&post=5"}],"version-history":[{"count":23,"href":"https:\/\/dehvidestudenterbiler.dk\/index.php?rest_route=\/wp\/v2\/pages\/5\/revisions"}],"predecessor-version":[{"id":360,"href":"https:\/\/dehvidestudenterbiler.dk\/index.php?rest_route=\/wp\/v2\/pages\/5\/revisions\/360"}],"wp:attachment":[{"href":"https:\/\/dehvidestudenterbiler.dk\/index.php?rest_route=%2Fwp%2Fv2%2Fmedia&parent=5"}],"curies":[{"name":"wp","href":"https:\/\/api.w.org\/{rel}","templated":true}]}}