{"id":54,"date":"2020-09-21T10:23:36","date_gmt":"2020-09-21T10:23:36","guid":{"rendered":"http:\/\/dehvidestudenterbiler.dk\/?page_id=54"},"modified":"2025-06-13T13:05:49","modified_gmt":"2025-06-13T13:05:49","slug":"priser","status":"publish","type":"page","link":"https:\/\/dehvidestudenterbiler.dk\/?page_id=54","title":{"rendered":"Priser"},"content":{"rendered":"\n<p>Priserne starter fra 15.000 kr. &#8211; afh\u00e6ngig af hvilken dag og hvor, I vil k\u00f8re. Hvis I vil k\u00f8re over flere dage, kan der ske nedslag i prisen. <\/p>\n\n\n\n<p>Prisen er for 10 timers k\u00f8rsel incl. den tid, chauff\u00f8ren kommer f\u00f8r, s\u00e5 I kan pynte vognen &#8211; og hvis I \u00f8nsker at k\u00f8re i ekstra timer, koster det 2.000 kr. pr. p\u00e5begyndt time.\u00a0Prisen inkluderer bl.a.: Str\u00f8mstik til mobilopladere,\u00a0h\u00e5ndkl\u00e6der, t\u00e6pper, reng\u00f8ring af vognen f\u00f8r, under og efter k\u00f8rsel, fri kilometer og forsikring &#8211; og garanti for en fed dag i Danmarks flotteste studenterbiler  \ud83d\udc4c<\/p>\n\n\n\n<p>Betalingen for k\u00f8rslen bliver opkr\u00e6vet i 2-3 rater, hvoraf den f\u00f8rste rate som regel skal betales inden for 2-3 m\u00e5neder fra bestillingsdatoen.  Betaling skal ske til vores bankkonto. <br> <\/p>\n\n\n\n<figure class=\"wp-block-image size-large\"><img loading=\"lazy\" width=\"768\" height=\"1024\" src=\"https:\/\/dehvidestudenterbiler.dk\/wp-content\/uploads\/2022\/06\/IMG_5698-768x1024.jpg\" alt=\"\" class=\"wp-image-170\" srcset=\"https:\/\/dehvidestudenterbiler.dk\/wp-content\/uploads\/2022\/06\/IMG_5698-768x1024.jpg 768w, https:\/\/dehvidestudenterbiler.dk\/wp-content\/uploads\/2022\/06\/IMG_5698-225x300.jpg 225w, https:\/\/dehvidestudenterbiler.dk\/wp-content\/uploads\/2022\/06\/IMG_5698-1152x1536.jpg 1152w, https:\/\/dehvidestudenterbiler.dk\/wp-content\/uploads\/2022\/06\/IMG_5698-1536x2048.jpg 1536w, https:\/\/dehvidestudenterbiler.dk\/wp-content\/uploads\/2022\/06\/IMG_5698-scaled.jpg 1920w\" sizes=\"(max-width: 767px) 89vw, (max-width: 1000px) 54vw, (max-width: 1071px) 543px, 580px\" \/><\/figure>\n\n\n\n<figure class=\"wp-block-image size-large\"><img loading=\"lazy\" width=\"1024\" height=\"701\" src=\"https:\/\/dehvidestudenterbiler.dk\/wp-content\/uploads\/2021\/02\/Traekkrog-front-1024x701.jpg\" alt=\"\" class=\"wp-image-78\" srcset=\"https:\/\/dehvidestudenterbiler.dk\/wp-content\/uploads\/2021\/02\/Traekkrog-front-1024x701.jpg 1024w, https:\/\/dehvidestudenterbiler.dk\/wp-content\/uploads\/2021\/02\/Traekkrog-front-300x205.jpg 300w, https:\/\/dehvidestudenterbiler.dk\/wp-content\/uploads\/2021\/02\/Traekkrog-front-768x526.jpg 768w\" sizes=\"(max-width: 767px) 89vw, (max-width: 1000px) 54vw, (max-width: 1071px) 543px, 580px\" \/><\/figure>\n","protected":false},"excerpt":{"rendered":"<p>Priserne starter fra 15.000 kr. &#8211; afh\u00e6ngig af hvilken dag og hvor, I vil k\u00f8re. Hvis I vil k\u00f8re over flere dage, kan der ske nedslag i prisen. Prisen er for 10 timers k\u00f8rsel incl. den tid, chauff\u00f8ren kommer f\u00f8r, s\u00e5 I kan pynte vognen &#8211; og hvis I \u00f8nsker at k\u00f8re i ekstra timer, &hellip; <\/p>\n<p class=\"link-more\"><a href=\"https:\/\/dehvidestudenterbiler.dk\/?page_id=54\" class=\"more-link\">L\u00e6s videre<span class=\"screen-reader-text\"> &#8220;Priser&#8221;<\/span><\/a><\/p>\n","protected":false},"author":1,"featured_media":0,"parent":0,"menu_order":0,"comment_status":"closed","ping_status":"closed","template":"","meta":[],"_links":{"self":[{"href":"https:\/\/dehvidestudenterbiler.dk\/index.php?rest_route=\/wp\/v2\/pages\/54"}],"collection":[{"href":"https:\/\/dehvidestudenterbiler.dk\/index.php?rest_route=\/wp\/v2\/pages"}],"about":[{"href":"https:\/\/dehvidestudenterbiler.dk\/index.php?rest_route=\/wp\/v2\/types\/page"}],"author":[{"embeddable":true,"href":"https:\/\/dehvidestudenterbiler.dk\/index.php?rest_route=\/wp\/v2\/users\/1"}],"replies":[{"embeddable":true,"href":"https:\/\/dehvidestudenterbiler.dk\/index.php?rest_route=%2Fwp%2Fv2%2Fcomments&post=54"}],"version-history":[{"count":15,"href":"https:\/\/dehvidestudenterbiler.dk\/index.php?rest_route=\/wp\/v2\/pages\/54\/revisions"}],"predecessor-version":[{"id":346,"href":"https:\/\/dehvidestudenterbiler.dk\/index.php?rest_route=\/wp\/v2\/pages\/54\/revisions\/346"}],"wp:attachment":[{"href":"https:\/\/dehvidestudenterbiler.dk\/index.php?rest_route=%2Fwp%2Fv2%2Fmedia&parent=54"}],"curies":[{"name":"wp","href":"https:\/\/api.w.org\/{rel}","templated":true}]}}